{"id":5298,"date":"2025-02-07T05:51:39","date_gmt":"2025-02-07T10:51:39","guid":{"rendered":"https:\/\/larrasstranslations.com\/?page_id=5298"},"modified":"2025-05-28T07:50:19","modified_gmt":"2025-05-28T12:50:19","slug":"referenzen","status":"publish","type":"page","link":"https:\/\/larrasstranslations.com\/de\/referenzen\/","title":{"rendered":"Referenzen"},"content":{"rendered":"[vc_row type=&#8220;in_container&#8220; full_screen_row_position=&#8220;middle&#8220; column_margin=&#8220;default&#8220; column_direction=&#8220;default&#8220; column_direction_tablet=&#8220;default&#8220; column_direction_phone=&#8220;default&#8220; scene_position=&#8220;center&#8220; text_color=&#8220;dark&#8220; text_align=&#8220;left&#8220; row_border_radius=&#8220;none&#8220; row_border_radius_applies=&#8220;bg&#8220; overflow=&#8220;visible&#8220; overlay_strength=&#8220;0.3&#8243; gradient_direction=&#8220;left_to_right&#8220; shape_divider_position=&#8220;bottom&#8220; bg_image_animation=&#8220;none&#8220;][vc_column column_padding=&#8220;no-extra-padding&#8220; column_padding_tablet=&#8220;inherit&#8220; column_padding_phone=&#8220;inherit&#8220; column_padding_position=&#8220;all&#8220; column_element_direction_desktop=&#8220;default&#8220; column_element_spacing=&#8220;default&#8220; desktop_text_alignment=&#8220;default&#8220; tablet_text_alignment=&#8220;default&#8220; phone_text_alignment=&#8220;default&#8220; background_color_opacity=&#8220;1&#8243; background_hover_color_opacity=&#8220;1&#8243; column_backdrop_filter=&#8220;none&#8220; column_shadow=&#8220;none&#8220; column_border_radius=&#8220;none&#8220; column_link_target=&#8220;_self&#8220; column_position=&#8220;default&#8220; gradient_direction=&#8220;left_to_right&#8220; overlay_strength=&#8220;0.3&#8243; width=&#8220;1\/1&#8243; tablet_width_inherit=&#8220;default&#8220; animation_type=&#8220;default&#8220; bg_image_animation=&#8220;none&#8220; border_type=&#8220;simple&#8220; column_border_width=&#8220;none&#8220; column_border_style=&#8220;solid&#8220;][vc_column_text css=&#8220;&#8220; text_direction=&#8220;default&#8220;]\n<h2 class=\"av-special-heading-tag \" style=\"text-align: center;\">Was unsere Kunden \u00fcber uns sagen<\/h2>\n[\/vc_column_text][vc_column_text css=&#8220;.vc_custom_1748436613026{padding-top: 15px !important;}&#8220; text_direction=&#8220;default&#8220;]\n<p style=\"text-align: center;\">\u201eDas Financial Management Institute vertraut f\u00fcr seine Englisch-Franz\u00f6sisch \u00dcbersetzungen auf Larrass Translations und unsere Erwartungen wurden stets \u00fcbererf\u00fcllt. Sie reagieren sehr schnell, sind zuverl\u00e4ssig, arbeiten z\u00fcgig und liefern qualitativ hochwertige \u00dcbersetzungen zu den verschiedensten Themen, einschlie\u00dflich Marketing, Programme und Inhalte des operationalen Gesch\u00e4fts. Wir wissen ihre Professionalit\u00e4t und Effizienz sehr zu sch\u00e4tzen.\u201c<\/p>\n<p style=\"text-align: center;\"><strong>-Mariana Veloso<\/strong>, Marketing Manager, FMI, Kanada<\/p>\n<p style=\"text-align: center;\">\u201eIch sch\u00e4tze die Zusammenarbeit mit Ihnen und Ihrem Team \u2013 Sie gehen so gut auf unsere Bed\u00fcrfnisse ein.\u201c<\/p>\n<p style=\"text-align: center;\"><strong>&#8211;<\/strong><span class=\"s1\"><b data-stringify-type=\"bold\">Ingrid Muschta,\u00a0<\/b>Director Special Projects &amp; Innovation, Ontario Disability Employment Network<br \/>\n<\/span><\/p>\n<p style=\"text-align: center;\">\u201eIch m\u00f6chte mich f\u00fcr Ihre wunderbare Arbeit bedanken. Wir alle bei TIAC sch\u00e4tzen Ihre Detailtreue und sind sehr dankbar, dass Sie unsere Last-Minute-Anfragen bearbeiten.\u201c<br \/>\n<b><\/b><\/p>\n<p style=\"text-align: center;\"><b>-Leanne Czerwinski, <\/b>Markenmanager, Tourism Industry Association of Canada<\/p>\n<p style=\"text-align: center;\"><span class=\"s1\">\u201eLarrass Translations hebt sich durch die gebotene Qualit\u00e4t und Professionalit\u00e4t von anderen Firmen ab. Man kann immer darauf z\u00e4hlen, dass hochwertige \u00dcbersetzungen zur vereinbarten Zeit geliefert werden.\u201c<\/span><\/p>\n<p style=\"text-align: center;\"><strong>-Kelly Cyr,\u00a0<\/strong><span class=\"s1\">Director of Operations, Public Policy Forum, Kanada<\/span><\/p>\n<p style=\"text-align: center;\"><span class=\"s1\">\u201eIch finde Ihre Arbeit ganz ausgezeichnet und arbeite vor allem auch deshalb immer wieder mit Ihnen zusammen, weil Sie zugesagte Zeitziele einhalten und vor allem stets auch bem\u00fcht sind diese so kurz wie m\u00f6glich ausfallen zu lassen.\u201c<\/span><\/p>\n<p style=\"text-align: center;\"><strong>&#8211;<span class=\"s1\">Dr. Michael Dr\u00f6ge, <\/span><\/strong><span class=\"s1\">Rechtsanwalt, Heuking K\u00fchn L\u00fcer Wojtek, Deutschland<\/span><\/p>\n<p style=\"text-align: center;\"><span class=\"s1\">\u201eDr. Larrass und sein Team reagieren immer unverz\u00fcglich auf unsere Anfragen und liefern exzellente \u00dcbersetzungen innerhalb enger Fristen. Unsere Kunden sind stets hochzufrieden mit ihrer Arbeit. <\/span><span class=\"s2\">Wir sch\u00e4tzen den freundlichen und professionellen Service, den wir bei Larrass Translations bekommen!\u201c<\/span><\/p>\n<p style=\"text-align: center;\"><strong>-Susan Murphy, <\/strong><span class=\"s1\">Jester Creative, Kanada<\/span><\/p>\n<p style=\"text-align: center;\">\u201eWir arbeiten seit mehreren Jahren mit Larrass Translations zusammen \u2013 inzwischen sind wir enge Gesch\u00e4ftsfreunde geworden. Michael Larrass und sein Team haben unseren Bedarf an erstklassigen \u00dcbersetzungen f\u00fcr unsere hochkar\u00e4tigen Auftraggeber stets auf effiziente Weise erf\u00fcllt. Larrass Translations teilt unsere Werte, sodass wir uns vertrauensvoll an sie wenden, wenn wir ihre Hilfe bei Projekten jeglicher Art und Gr\u00f6\u00dfe ben\u00f6tigen.\u201c<\/p>\n<p style=\"text-align: center;\"><strong><span id=\"yui_3_16_0_1_1426965599912_4027\">&#8211;<span class=\"s1\">Rob Herrera, <\/span><\/span><\/strong><span id=\"yui_3_16_0_1_1426965599912_4027\"><span class=\"s1\">Pr\u00e4sident, H3Creative Inc., Kanada<\/span><\/span><\/p>\n<p style=\"text-align: center;\">\u201eDas Team von Larrass Translations arbeitet sehr seri\u00f6s und professionell. Wir haben unseren Sitz in Paris und beauftragen ausschlie\u00dflich Larrass Translations f\u00fcr unsere \u00dcbersetzungen, die oft sehr technisch und eilbed\u00fcrftig sind. Wir k\u00f6nnen das Unternehmen sehr empfehlen.\u201c<\/p>\n<p style=\"text-align: center;\"><strong><span id=\"yui_3_16_0_1_1426965599912_4027\">&#8211;<span class=\"s1\">Marijo Amiaux, <\/span><\/span><\/strong><span id=\"yui_3_16_0_1_1426965599912_4027\"><span class=\"s1\">Generaldirektion, Colliers International Frankreich<\/span><\/span><\/p>\n<p style=\"text-align: center;\">\u201eWir m\u00f6chten, dass Sie wissen, wie sehr wir es sch\u00e4tzen, wie rasch Sie bei unserem letzten Projekt stets reagiert haben, und wie sehr auch unsere Kunden st\u00e4ndig voll des Lobes \u00fcber Ihre Arbeit sind. Durch Sie stehen wir immer wieder im besten Licht da.\u201c<\/p>\n<p style=\"text-align: center;\"><strong>\u2013James Hanington,<\/strong> CEO, Stiff, Kanada<\/p>\n<p style=\"text-align: center;\">\u201eGanz herzlichen Dank f\u00fcr Ihren Einsatz in den letzten Tagen! Beide \u00dcbersetzungen haben mir \u00e4u\u00dferst gut gefallen \u2013 und das in der K\u00fcrze der Zeit. Chapeau. Die Korrekturanmerkungen waren auch sehr hilfreich.\u201c<\/p>\n<p style=\"text-align: center;\"><strong>-Jonas Block, <\/strong>Rechtsanwalt, Kather Augenstein Rechtsanw\u00e4lte, Deutschland<\/p>\n<p style=\"text-align: center;\"><span class=\"s1\">\u201eDie Arbeit von Larrass Translations war immer hervorragend und wurde z\u00fcgig ausgef\u00fchrt. Auch bei ungew\u00f6hnlich engen Fristen oder anderen Sonderauftr\u00e4gen war Larrass Translations sehr flexibel und entgegenkommend.\u201c<\/span><\/p>\n<p style=\"text-align: center;\"><strong>-Daniel Nilsson,\u00a0<\/strong><span class=\"s1\">Rechtsanwalt, Malm\u00f6, Schweden<\/span><\/p>\n[\/vc_column_text][\/vc_column][\/vc_row][vc_row type=&#8220;full_width_background&#8220; full_screen_row_position=&#8220;middle&#8220; column_margin=&#8220;default&#8220; column_direction=&#8220;default&#8220; column_direction_tablet=&#8220;default&#8220; column_direction_phone=&#8220;default&#8220; bg_color=&#8220;#043f75&#8243; scene_position=&#8220;center&#8220; top_padding=&#8220;5%&#8220; bottom_padding=&#8220;5%&#8220; top_padding_tablet=&#8220;20%&#8220; bottom_padding_tablet=&#8220;10%&#8220; text_color=&#8220;dark&#8220; text_align=&#8220;left&#8220; row_border_radius=&#8220;none&#8220; row_border_radius_applies=&#8220;bg&#8220; overflow=&#8220;visible&#8220; overlay_strength=&#8220;0.3&#8243; gradient_direction=&#8220;left_to_right&#8220; enable_shape_divider=&#8220;true&#8220; shape_divider_position=&#8220;top&#8220; bg_image_animation=&#8220;none&#8220; shape_type=&#8220;curve_opacity&#8220; gradient_type=&#8220;default&#8220;][vc_column column_padding=&#8220;no-extra-padding&#8220; column_padding_tablet=&#8220;inherit&#8220; column_padding_phone=&#8220;inherit&#8220; column_padding_position=&#8220;all&#8220; column_element_direction_desktop=&#8220;default&#8220; column_element_spacing=&#8220;default&#8220; desktop_text_alignment=&#8220;default&#8220; tablet_text_alignment=&#8220;default&#8220; phone_text_alignment=&#8220;default&#8220; background_color_opacity=&#8220;1&#8243; background_hover_color_opacity=&#8220;1&#8243; column_backdrop_filter=&#8220;none&#8220; column_shadow=&#8220;none&#8220; column_border_radius=&#8220;none&#8220; column_link_target=&#8220;_self&#8220; column_position=&#8220;default&#8220; gradient_direction=&#8220;left_to_right&#8220; overlay_strength=&#8220;0.3&#8243; width=&#8220;1\/1&#8243; tablet_width_inherit=&#8220;default&#8220; animation_type=&#8220;default&#8220; bg_image_animation=&#8220;none&#8220; border_type=&#8220;simple&#8220; column_border_width=&#8220;none&#8220; column_border_style=&#8220;solid&#8220;][vc_row_inner equal_height=&#8220;yes&#8220; content_placement=&#8220;middle&#8220; column_margin=&#8220;default&#8220; column_direction=&#8220;default&#8220; column_direction_tablet=&#8220;default&#8220; column_direction_phone=&#8220;default&#8220; text_align=&#8220;left&#8220; row_position=&#8220;default&#8220; row_position_tablet=&#8220;inherit&#8220; row_position_phone=&#8220;inherit&#8220; overflow=&#8220;visible&#8220; pointer_events=&#8220;all&#8220;][vc_column_inner column_padding=&#8220;no-extra-padding&#8220; column_padding_tablet=&#8220;inherit&#8220; column_padding_phone=&#8220;inherit&#8220; column_padding_position=&#8220;all&#8220; column_element_direction_desktop=&#8220;default&#8220; column_element_spacing=&#8220;default&#8220; desktop_text_alignment=&#8220;default&#8220; tablet_text_alignment=&#8220;default&#8220; phone_text_alignment=&#8220;default&#8220; background_color_opacity=&#8220;1&#8243; background_hover_color_opacity=&#8220;1&#8243; column_backdrop_filter=&#8220;none&#8220; column_shadow=&#8220;none&#8220; column_border_radius=&#8220;none&#8220; column_link_target=&#8220;_self&#8220; overflow=&#8220;visible&#8220; gradient_direction=&#8220;left_to_right&#8220; overlay_strength=&#8220;0.3&#8243; width=&#8220;1\/2&#8243; tablet_width_inherit=&#8220;small_desktop&#8220; animation_type=&#8220;default&#8220; enable_animation=&#8220;true&#8220; animation=&#8220;fade-in-from-bottom&#8220; animation_easing=&#8220;default&#8220; bg_image_animation=&#8220;none&#8220; border_type=&#8220;simple&#8220; column_border_width=&#8220;none&#8220; column_border_style=&#8220;solid&#8220; offset=&#8220;vc_col-md-6&#8243;][vc_column_text css=&#8220;&#8220; text_direction=&#8220;default&#8220;]\n<h2 style=\"text-align: left;\"><span style=\"color: #ffffff;\">Eindruck mit Ausdruck<\/span><\/h2>\n[\/vc_column_text][vc_column_text css=&#8220;&#8220; text_direction=&#8220;default&#8220;]\n<p style=\"text-align: left;\"><span style=\"color: #ffffff;\">Nat\u00fcrliche Sprache mit Pr\u00e4zision und Stil.<\/span><br \/>\n<span style=\"color: #ffffff;\">Wir passen Ihre Inhalte sorgf\u00e4ltig an das Zielpublikum an, sodass Sie mit Selbstvertrauen kommunizieren k\u00f6nnen.<\/span>[\/vc_column_text][\/vc_column_inner][vc_column_inner column_padding=&#8220;no-extra-padding&#8220; column_padding_tablet=&#8220;inherit&#8220; column_padding_phone=&#8220;inherit&#8220; column_padding_position=&#8220;all&#8220; column_element_direction_desktop=&#8220;default&#8220; column_element_spacing=&#8220;default&#8220; desktop_text_alignment=&#8220;default&#8220; tablet_text_alignment=&#8220;default&#8220; phone_text_alignment=&#8220;default&#8220; background_color_opacity=&#8220;1&#8243; background_hover_color_opacity=&#8220;1&#8243; column_backdrop_filter=&#8220;none&#8220; column_shadow=&#8220;none&#8220; column_border_radius=&#8220;none&#8220; column_link_target=&#8220;_self&#8220; overflow=&#8220;visible&#8220; gradient_direction=&#8220;left_to_right&#8220; overlay_strength=&#8220;0.3&#8243; width=&#8220;1\/2&#8243; tablet_width_inherit=&#8220;small_desktop&#8220; animation_type=&#8220;default&#8220; enable_animation=&#8220;true&#8220; animation=&#8220;fade-in-from-bottom&#8220; animation_easing=&#8220;default&#8220; bg_image_animation=&#8220;none&#8220; border_type=&#8220;simple&#8220; column_border_width=&#8220;none&#8220; column_border_style=&#8220;solid&#8220; offset=&#8220;vc_col-md-6&#8243; column_padding_type=&#8220;default&#8220; gradient_type=&#8220;default&#8220;][vc_column_text css=&#8220;&#8220; text_direction=&#8220;default&#8220;]\n<h3 style=\"text-align: right;\"><span style=\"color: #ffffff;\"><a style=\"color: #ffffff;\" href=\"tel: 613-744-5902\">+1 613-744-5902<\/a><\/span><\/h3>\n[\/vc_column_text][nectar_cta btn_style=&#8220;underline&#8220; heading_tag=&#8220;h4&#8243; button_color=&#8220;default&#8220; text_color=&#8220;#ffffff&#8220; button_border_thickness=&#8220;0px&#8220; link_type=&#8220;regular&#8220; alignment=&#8220;right&#8220; alignment_tablet=&#8220;default&#8220; alignment_phone=&#8220;default&#8220; display=&#8220;block&#8220; display_tablet=&#8220;inherit&#8220; display_phone=&#8220;inherit&#8220; icon_family=&#8220;none&#8220; link_text=&#8220;info@larrasstranslations.com&#8220; padding_top=&#8220;2%&#8220; url=&#8220;mailto:info@larrasstranslations.com&#8220;][vc_column_text css=&#8220;&#8220; text_direction=&#8220;default&#8220;]\n<h5 style=\"text-align: right;\"><span style=\"color: #ffffff;\">150 Elgin Street, Unit 1000<\/span><br \/>\n<span style=\"color: #ffffff;\">Ottawa, Ontario K2P 1L4, Kanada<\/span><\/h5>\n[\/vc_column_text][divider line_type=&#8220;No Line&#8220; custom_height=&#8220;5px&#8220;][nectar_cta btn_style=&#8220;see-through&#8220; heading_tag=&#8220;h6&#8243; button_color=&#8220;extra-color-1&#8243; text_color=&#8220;#000000&#8243; button_border_thickness=&#8220;0px&#8220; link_type=&#8220;regular&#8220; alignment=&#8220;right&#8220; alignment_tablet=&#8220;default&#8220; alignment_phone=&#8220;left&#8220; constrain_group_4=&#8220;yes&#8220; display=&#8220;block&#8220; display_tablet=&#8220;inherit&#8220; display_phone=&#8220;inherit&#8220; link_text=&#8220;Kontaktieren Sie uns&#8220; padding_top=&#8220;20&#8243; padding_bottom=&#8220;20&#8243; padding_left=&#8220;50&#8243; padding_right=&#8220;50&#8243; url=&#8220;\/de\/kontakt-2\/&#8220; margin_top=&#8220;20&#8243; margin_bottom=&#8220;20&#8243;][\/vc_column_inner][\/vc_row_inner][\/vc_column][\/vc_row]\n","protected":false},"excerpt":{"rendered":"<p>[vc_row type=&#8220;in_container&#8220; full_screen_row_position=&#8220;middle&#8220; column_margin=&#8220;default&#8220; column_direction=&#8220;default&#8220; column_direction_tablet=&#8220;default&#8220; column_direction_phone=&#8220;default&#8220; scene_position=&#8220;center&#8220; text_color=&#8220;dark&#8220; text_align=&#8220;left&#8220; row_border_radius=&#8220;none&#8220; row_border_radius_applies=&#8220;bg&#8220; overflow=&#8220;visible&#8220; overlay_strength=&#8220;0.3&#8243; gradient_direction=&#8220;left_to_right&#8220; shape_divider_position=&#8220;bottom&#8220; bg_image_animation=&#8220;none&#8220;][vc_column column_padding=&#8220;no-extra-padding&#8220; column_padding_tablet=&#8220;inherit&#8220; column_padding_phone=&#8220;inherit&#8220; column_padding_position=&#8220;all&#8220; column_element_direction_desktop=&#8220;default&#8220; column_element_spacing=&#8220;default&#8220; desktop_text_alignment=&#8220;default&#8220; tablet_text_alignment=&#8220;default&#8220; phone_text_alignment=&#8220;default&#8220; background_color_opacity=&#8220;1&#8243; background_hover_color_opacity=&#8220;1&#8243; column_backdrop_filter=&#8220;none&#8220; column_shadow=&#8220;none&#8220;&#8230;<\/p>\n","protected":false},"author":2,"featured_media":0,"parent":0,"menu_order":0,"comment_status":"closed","ping_status":"closed","template":"","meta":{"footnotes":""},"class_list":["post-5298","page","type-page","status-publish"],"yoast_head":"<!-- This site is optimized with the Yoast SEO plugin v27.4 - https:\/\/yoast.com\/product\/yoast-seo-wordpress\/ -->\n<title>Referenzen - Larrass Translations<\/title>\n<meta name=\"robots\" content=\"index, follow, max-snippet:-1, max-image-preview:large, max-video-preview:-1\" \/>\n<link rel=\"canonical\" href=\"https:\/\/larrasstranslations.com\/de\/referenzen\/\" \/>\n<meta property=\"og:locale\" content=\"de_DE\" \/>\n<meta property=\"og:type\" content=\"article\" \/>\n<meta property=\"og:title\" content=\"Referenzen - Larrass Translations\" \/>\n<meta property=\"og:description\" content=\"[vc_row type=&#8220;in_container&#8220; full_screen_row_position=&#8220;middle&#8220; column_margin=&#8220;default&#8220; column_direction=&#8220;default&#8220; column_direction_tablet=&#8220;default&#8220; column_direction_phone=&#8220;default&#8220; scene_position=&#8220;center&#8220; text_color=&#8220;dark&#8220; text_align=&#8220;left&#8220; row_border_radius=&#8220;none&#8220; row_border_radius_applies=&#8220;bg&#8220; overflow=&#8220;visible&#8220; overlay_strength=&#8220;0.3&#8243; gradient_direction=&#8220;left_to_right&#8220; shape_divider_position=&#8220;bottom&#8220; bg_image_animation=&#8220;none&#8220;][vc_column column_padding=&#8220;no-extra-padding&#8220; column_padding_tablet=&#8220;inherit&#8220; column_padding_phone=&#8220;inherit&#8220; column_padding_position=&#8220;all&#8220; column_element_direction_desktop=&#8220;default&#8220; column_element_spacing=&#8220;default&#8220; desktop_text_alignment=&#8220;default&#8220; tablet_text_alignment=&#8220;default&#8220; phone_text_alignment=&#8220;default&#8220; background_color_opacity=&#8220;1&#8243; background_hover_color_opacity=&#8220;1&#8243; column_backdrop_filter=&#8220;none&#8220; column_shadow=&#8220;none&#8220;...\" \/>\n<meta property=\"og:url\" content=\"https:\/\/larrasstranslations.com\/de\/referenzen\/\" \/>\n<meta property=\"og:site_name\" content=\"Larrass Translations\" \/>\n<meta property=\"article:modified_time\" content=\"2025-05-28T12:50:19+00:00\" \/>\n<meta name=\"twitter:card\" content=\"summary_large_image\" \/>\n<meta name=\"twitter:label1\" content=\"Gesch\u00e4tzte Lesezeit\" \/>\n\t<meta name=\"twitter:data1\" content=\"3\u00a0Minuten\" \/>\n<script type=\"application\/ld+json\" class=\"yoast-schema-graph\">{\"@context\":\"https:\\\/\\\/schema.org\",\"@graph\":[{\"@type\":\"WebPage\",\"@id\":\"https:\\\/\\\/larrasstranslations.com\\\/de\\\/referenzen\\\/\",\"url\":\"https:\\\/\\\/larrasstranslations.com\\\/de\\\/referenzen\\\/\",\"name\":\"Referenzen - Larrass Translations\",\"isPartOf\":{\"@id\":\"https:\\\/\\\/larrasstranslations.com\\\/de\\\/#website\"},\"datePublished\":\"2025-02-07T10:51:39+00:00\",\"dateModified\":\"2025-05-28T12:50:19+00:00\",\"breadcrumb\":{\"@id\":\"https:\\\/\\\/larrasstranslations.com\\\/de\\\/referenzen\\\/#breadcrumb\"},\"inLanguage\":\"de\",\"potentialAction\":[{\"@type\":\"ReadAction\",\"target\":[\"https:\\\/\\\/larrasstranslations.com\\\/de\\\/referenzen\\\/\"]}]},{\"@type\":\"BreadcrumbList\",\"@id\":\"https:\\\/\\\/larrasstranslations.com\\\/de\\\/referenzen\\\/#breadcrumb\",\"itemListElement\":[{\"@type\":\"ListItem\",\"position\":1,\"name\":\"Home\",\"item\":\"https:\\\/\\\/larrasstranslations.com\\\/de\\\/larrass-translations\\\/\"},{\"@type\":\"ListItem\",\"position\":2,\"name\":\"Referenzen\"}]},{\"@type\":\"WebSite\",\"@id\":\"https:\\\/\\\/larrasstranslations.com\\\/de\\\/#website\",\"url\":\"https:\\\/\\\/larrasstranslations.com\\\/de\\\/\",\"name\":\"Larrass Translations\",\"description\":\"Larrass Translations offers professional translation services. Our clientele includes (patent) law firms, think tanks, museums, government agencies and embassies, as well as NGOs and private companies.\",\"potentialAction\":[{\"@type\":\"SearchAction\",\"target\":{\"@type\":\"EntryPoint\",\"urlTemplate\":\"https:\\\/\\\/larrasstranslations.com\\\/de\\\/?s={search_term_string}\"},\"query-input\":{\"@type\":\"PropertyValueSpecification\",\"valueRequired\":true,\"valueName\":\"search_term_string\"}}],\"inLanguage\":\"de\"}]}<\/script>\n<!-- \/ Yoast SEO plugin. -->","yoast_head_json":{"title":"Referenzen - Larrass Translations","robots":{"index":"index","follow":"follow","max-snippet":"max-snippet:-1","max-image-preview":"max-image-preview:large","max-video-preview":"max-video-preview:-1"},"canonical":"https:\/\/larrasstranslations.com\/de\/referenzen\/","og_locale":"de_DE","og_type":"article","og_title":"Referenzen - Larrass Translations","og_description":"[vc_row type=&#8220;in_container&#8220; full_screen_row_position=&#8220;middle&#8220; column_margin=&#8220;default&#8220; column_direction=&#8220;default&#8220; column_direction_tablet=&#8220;default&#8220; column_direction_phone=&#8220;default&#8220; scene_position=&#8220;center&#8220; text_color=&#8220;dark&#8220; text_align=&#8220;left&#8220; row_border_radius=&#8220;none&#8220; row_border_radius_applies=&#8220;bg&#8220; overflow=&#8220;visible&#8220; overlay_strength=&#8220;0.3&#8243; gradient_direction=&#8220;left_to_right&#8220; shape_divider_position=&#8220;bottom&#8220; bg_image_animation=&#8220;none&#8220;][vc_column column_padding=&#8220;no-extra-padding&#8220; column_padding_tablet=&#8220;inherit&#8220; column_padding_phone=&#8220;inherit&#8220; column_padding_position=&#8220;all&#8220; column_element_direction_desktop=&#8220;default&#8220; column_element_spacing=&#8220;default&#8220; desktop_text_alignment=&#8220;default&#8220; tablet_text_alignment=&#8220;default&#8220; phone_text_alignment=&#8220;default&#8220; background_color_opacity=&#8220;1&#8243; background_hover_color_opacity=&#8220;1&#8243; column_backdrop_filter=&#8220;none&#8220; column_shadow=&#8220;none&#8220;...","og_url":"https:\/\/larrasstranslations.com\/de\/referenzen\/","og_site_name":"Larrass Translations","article_modified_time":"2025-05-28T12:50:19+00:00","twitter_card":"summary_large_image","twitter_misc":{"Gesch\u00e4tzte Lesezeit":"3\u00a0Minuten"},"schema":{"@context":"https:\/\/schema.org","@graph":[{"@type":"WebPage","@id":"https:\/\/larrasstranslations.com\/de\/referenzen\/","url":"https:\/\/larrasstranslations.com\/de\/referenzen\/","name":"Referenzen - Larrass Translations","isPartOf":{"@id":"https:\/\/larrasstranslations.com\/de\/#website"},"datePublished":"2025-02-07T10:51:39+00:00","dateModified":"2025-05-28T12:50:19+00:00","breadcrumb":{"@id":"https:\/\/larrasstranslations.com\/de\/referenzen\/#breadcrumb"},"inLanguage":"de","potentialAction":[{"@type":"ReadAction","target":["https:\/\/larrasstranslations.com\/de\/referenzen\/"]}]},{"@type":"BreadcrumbList","@id":"https:\/\/larrasstranslations.com\/de\/referenzen\/#breadcrumb","itemListElement":[{"@type":"ListItem","position":1,"name":"Home","item":"https:\/\/larrasstranslations.com\/de\/larrass-translations\/"},{"@type":"ListItem","position":2,"name":"Referenzen"}]},{"@type":"WebSite","@id":"https:\/\/larrasstranslations.com\/de\/#website","url":"https:\/\/larrasstranslations.com\/de\/","name":"Larrass Translations","description":"Larrass Translations offers professional translation services. Our clientele includes (patent) law firms, think tanks, museums, government agencies and embassies, as well as NGOs and private companies.","potentialAction":[{"@type":"SearchAction","target":{"@type":"EntryPoint","urlTemplate":"https:\/\/larrasstranslations.com\/de\/?s={search_term_string}"},"query-input":{"@type":"PropertyValueSpecification","valueRequired":true,"valueName":"search_term_string"}}],"inLanguage":"de"}]}},"_links":{"self":[{"href":"https:\/\/larrasstranslations.com\/de\/wp-json\/wp\/v2\/pages\/5298","targetHints":{"allow":["GET"]}}],"collection":[{"href":"https:\/\/larrasstranslations.com\/de\/wp-json\/wp\/v2\/pages"}],"about":[{"href":"https:\/\/larrasstranslations.com\/de\/wp-json\/wp\/v2\/types\/page"}],"author":[{"embeddable":true,"href":"https:\/\/larrasstranslations.com\/de\/wp-json\/wp\/v2\/users\/2"}],"replies":[{"embeddable":true,"href":"https:\/\/larrasstranslations.com\/de\/wp-json\/wp\/v2\/comments?post=5298"}],"version-history":[{"count":5,"href":"https:\/\/larrasstranslations.com\/de\/wp-json\/wp\/v2\/pages\/5298\/revisions"}],"predecessor-version":[{"id":5799,"href":"https:\/\/larrasstranslations.com\/de\/wp-json\/wp\/v2\/pages\/5298\/revisions\/5799"}],"wp:attachment":[{"href":"https:\/\/larrasstranslations.com\/de\/wp-json\/wp\/v2\/media?parent=5298"}],"curies":[{"name":"wp","href":"https:\/\/api.w.org\/{rel}","templated":true}]}}