{"id":660,"date":"2018-10-28T11:15:15","date_gmt":"2018-10-28T11:15:15","guid":{"rendered":"https:\/\/larrasstranslations.com\/?page_id=660"},"modified":"2025-04-22T08:21:49","modified_gmt":"2025-04-22T13:21:49","slug":"privacy-policy","status":"publish","type":"page","link":"https:\/\/larrasstranslations.com\/de\/privacy-policy\/","title":{"rendered":"Datenschutzerkl\u00e4rung"},"content":{"rendered":"<p><b>Datenschutzhinweis zu personenbezogenen Daten<\/b><\/p>\n<p>Larrass erhebt Ihre personenbezogenen Daten nur zum Zweck der Angebotserstellung in Verbindung mit einer konkreten \u00dcbersetzungsanfrage.<\/p>\n<p>Wir haben entsprechende Ma\u00dfnahmen ergriffen, um sicherzustellen, dass Ihre Daten gesch\u00fctzt und sicher mit gr\u00f6\u00dfter Vertraulichkeit verarbeitet werden.<\/p>\n<p>Unter bestimmten, in europ\u00e4ischen oder nordamerikanischen Gesetzen dargelegten Bedingungen, geben wir Ihre Daten an Dritte weiter (z.\u00a0B. das Canadian Anti-Fraud Centre, das US Internet Crime Complaint Center, das<span class=\"Apple-converted-space\">\u00a0 <\/span>Europ\u00e4ische Amt f\u00fcr Betrugsbek\u00e4mpfung oder Strafverfolgungsbeh\u00f6rden in Nordamerika und Europa), falls dies f\u00fcr bestimmte, rechtm\u00e4\u00dfige Zwecke erforderlich und angemessen ist.<\/p>\n<p>Ihre personenbezogenen Daten werden nie f\u00fcr Zwecke des Direktmarketings an Dritte weitergegeben.<span class=\"Apple-converted-space\">\u00a0<\/span><\/p>\n<p>Sie haben das Recht, auf Ihre pers\u00f6nlichen Daten zuzugreifen, diese richtigstellen zu lassen und Beschwerde einzulegen, falls Sie der Meinung sind, dass Ihre Datenschutzrechte verletzt wurden.<span class=\"Apple-converted-space\">\u00a0<\/span><\/p>\n","protected":false},"excerpt":{"rendered":"<p>Datenschutzhinweis zu personenbezogenen Daten Larrass erhebt Ihre personenbezogenen Daten nur zum Zweck der Angebotserstellung in Verbindung mit einer konkreten \u00dcbersetzungsanfrage. Wir haben entsprechende Ma\u00dfnahmen ergriffen, um sicherzustellen, dass Ihre Daten&#8230;<\/p>\n","protected":false},"author":1,"featured_media":0,"parent":0,"menu_order":0,"comment_status":"closed","ping_status":"closed","template":"","meta":{"footnotes":""},"class_list":["post-660","page","type-page","status-publish"],"yoast_head":"<!-- This site is optimized with the Yoast SEO plugin v27.4 - https:\/\/yoast.com\/product\/yoast-seo-wordpress\/ -->\n<title>Datenschutzerkl\u00e4rung - Larrass Translations<\/title>\n<meta name=\"robots\" content=\"index, follow, max-snippet:-1, max-image-preview:large, max-video-preview:-1\" \/>\n<link rel=\"canonical\" href=\"https:\/\/larrasstranslations.com\/de\/privacy-policy\/\" \/>\n<meta property=\"og:locale\" content=\"de_DE\" \/>\n<meta property=\"og:type\" content=\"article\" \/>\n<meta property=\"og:title\" content=\"Datenschutzerkl\u00e4rung - Larrass Translations\" \/>\n<meta property=\"og:description\" content=\"Datenschutzhinweis zu personenbezogenen Daten Larrass erhebt Ihre personenbezogenen Daten nur zum Zweck der Angebotserstellung in Verbindung mit einer konkreten \u00dcbersetzungsanfrage. Wir haben entsprechende Ma\u00dfnahmen ergriffen, um sicherzustellen, dass Ihre Daten...\" \/>\n<meta property=\"og:url\" content=\"https:\/\/larrasstranslations.com\/de\/privacy-policy\/\" \/>\n<meta property=\"og:site_name\" content=\"Larrass Translations\" \/>\n<meta property=\"article:modified_time\" content=\"2025-04-22T13:21:49+00:00\" \/>\n<meta name=\"twitter:card\" content=\"summary_large_image\" \/>\n<meta name=\"twitter:label1\" content=\"Gesch\u00e4tzte Lesezeit\" \/>\n\t<meta name=\"twitter:data1\" content=\"1\u00a0Minute\" \/>\n<script type=\"application\/ld+json\" class=\"yoast-schema-graph\">{\"@context\":\"https:\\\/\\\/schema.org\",\"@graph\":[{\"@type\":\"WebPage\",\"@id\":\"https:\\\/\\\/larrasstranslations.com\\\/de\\\/privacy-policy\\\/\",\"url\":\"https:\\\/\\\/larrasstranslations.com\\\/de\\\/privacy-policy\\\/\",\"name\":\"Datenschutzerkl\u00e4rung - Larrass Translations\",\"isPartOf\":{\"@id\":\"https:\\\/\\\/larrasstranslations.com\\\/de\\\/#website\"},\"datePublished\":\"2018-10-28T11:15:15+00:00\",\"dateModified\":\"2025-04-22T13:21:49+00:00\",\"breadcrumb\":{\"@id\":\"https:\\\/\\\/larrasstranslations.com\\\/de\\\/privacy-policy\\\/#breadcrumb\"},\"inLanguage\":\"de\",\"potentialAction\":[{\"@type\":\"ReadAction\",\"target\":[\"https:\\\/\\\/larrasstranslations.com\\\/de\\\/privacy-policy\\\/\"]}]},{\"@type\":\"BreadcrumbList\",\"@id\":\"https:\\\/\\\/larrasstranslations.com\\\/de\\\/privacy-policy\\\/#breadcrumb\",\"itemListElement\":[{\"@type\":\"ListItem\",\"position\":1,\"name\":\"Home\",\"item\":\"https:\\\/\\\/larrasstranslations.com\\\/de\\\/larrass-translations\\\/\"},{\"@type\":\"ListItem\",\"position\":2,\"name\":\"Datenschutzerkl\u00e4rung\"}]},{\"@type\":\"WebSite\",\"@id\":\"https:\\\/\\\/larrasstranslations.com\\\/de\\\/#website\",\"url\":\"https:\\\/\\\/larrasstranslations.com\\\/de\\\/\",\"name\":\"Larrass Translations\",\"description\":\"Larrass Translations offers professional translation services. Our clientele includes (patent) law firms, think tanks, museums, government agencies and embassies, as well as NGOs and private companies.\",\"potentialAction\":[{\"@type\":\"SearchAction\",\"target\":{\"@type\":\"EntryPoint\",\"urlTemplate\":\"https:\\\/\\\/larrasstranslations.com\\\/de\\\/?s={search_term_string}\"},\"query-input\":{\"@type\":\"PropertyValueSpecification\",\"valueRequired\":true,\"valueName\":\"search_term_string\"}}],\"inLanguage\":\"de\"}]}<\/script>\n<!-- \/ Yoast SEO plugin. -->","yoast_head_json":{"title":"Datenschutzerkl\u00e4rung - Larrass Translations","robots":{"index":"index","follow":"follow","max-snippet":"max-snippet:-1","max-image-preview":"max-image-preview:large","max-video-preview":"max-video-preview:-1"},"canonical":"https:\/\/larrasstranslations.com\/de\/privacy-policy\/","og_locale":"de_DE","og_type":"article","og_title":"Datenschutzerkl\u00e4rung - Larrass Translations","og_description":"Datenschutzhinweis zu personenbezogenen Daten Larrass erhebt Ihre personenbezogenen Daten nur zum Zweck der Angebotserstellung in Verbindung mit einer konkreten \u00dcbersetzungsanfrage. Wir haben entsprechende Ma\u00dfnahmen ergriffen, um sicherzustellen, dass Ihre Daten...","og_url":"https:\/\/larrasstranslations.com\/de\/privacy-policy\/","og_site_name":"Larrass Translations","article_modified_time":"2025-04-22T13:21:49+00:00","twitter_card":"summary_large_image","twitter_misc":{"Gesch\u00e4tzte Lesezeit":"1\u00a0Minute"},"schema":{"@context":"https:\/\/schema.org","@graph":[{"@type":"WebPage","@id":"https:\/\/larrasstranslations.com\/de\/privacy-policy\/","url":"https:\/\/larrasstranslations.com\/de\/privacy-policy\/","name":"Datenschutzerkl\u00e4rung - Larrass Translations","isPartOf":{"@id":"https:\/\/larrasstranslations.com\/de\/#website"},"datePublished":"2018-10-28T11:15:15+00:00","dateModified":"2025-04-22T13:21:49+00:00","breadcrumb":{"@id":"https:\/\/larrasstranslations.com\/de\/privacy-policy\/#breadcrumb"},"inLanguage":"de","potentialAction":[{"@type":"ReadAction","target":["https:\/\/larrasstranslations.com\/de\/privacy-policy\/"]}]},{"@type":"BreadcrumbList","@id":"https:\/\/larrasstranslations.com\/de\/privacy-policy\/#breadcrumb","itemListElement":[{"@type":"ListItem","position":1,"name":"Home","item":"https:\/\/larrasstranslations.com\/de\/larrass-translations\/"},{"@type":"ListItem","position":2,"name":"Datenschutzerkl\u00e4rung"}]},{"@type":"WebSite","@id":"https:\/\/larrasstranslations.com\/de\/#website","url":"https:\/\/larrasstranslations.com\/de\/","name":"Larrass Translations","description":"Larrass Translations offers professional translation services. Our clientele includes (patent) law firms, think tanks, museums, government agencies and embassies, as well as NGOs and private companies.","potentialAction":[{"@type":"SearchAction","target":{"@type":"EntryPoint","urlTemplate":"https:\/\/larrasstranslations.com\/de\/?s={search_term_string}"},"query-input":{"@type":"PropertyValueSpecification","valueRequired":true,"valueName":"search_term_string"}}],"inLanguage":"de"}]}},"_links":{"self":[{"href":"https:\/\/larrasstranslations.com\/de\/wp-json\/wp\/v2\/pages\/660","targetHints":{"allow":["GET"]}}],"collection":[{"href":"https:\/\/larrasstranslations.com\/de\/wp-json\/wp\/v2\/pages"}],"about":[{"href":"https:\/\/larrasstranslations.com\/de\/wp-json\/wp\/v2\/types\/page"}],"author":[{"embeddable":true,"href":"https:\/\/larrasstranslations.com\/de\/wp-json\/wp\/v2\/users\/1"}],"replies":[{"embeddable":true,"href":"https:\/\/larrasstranslations.com\/de\/wp-json\/wp\/v2\/comments?post=660"}],"version-history":[{"count":3,"href":"https:\/\/larrasstranslations.com\/de\/wp-json\/wp\/v2\/pages\/660\/revisions"}],"predecessor-version":[{"id":5771,"href":"https:\/\/larrasstranslations.com\/de\/wp-json\/wp\/v2\/pages\/660\/revisions\/5771"}],"wp:attachment":[{"href":"https:\/\/larrasstranslations.com\/de\/wp-json\/wp\/v2\/media?parent=660"}],"curies":[{"name":"wp","href":"https:\/\/api.w.org\/{rel}","templated":true}]}}