{"id":376,"date":"2018-10-23T12:15:01","date_gmt":"2018-10-23T12:15:01","guid":{"rendered":"https:\/\/larrasstranslations.com\/?page_id=376"},"modified":"2025-04-22T08:52:03","modified_gmt":"2025-04-22T13:52:03","slug":"nos-clients","status":"publish","type":"page","link":"https:\/\/larrasstranslations.com\/fr\/nos-clients\/","title":{"rendered":"T\u00e9moignages"},"content":{"rendered":"[vc_row type=\u00a0\u00bbin_container\u00a0\u00bb full_screen_row_position=\u00a0\u00bbmiddle\u00a0\u00bb column_margin=\u00a0\u00bbdefault\u00a0\u00bb column_direction=\u00a0\u00bbdefault\u00a0\u00bb column_direction_tablet=\u00a0\u00bbdefault\u00a0\u00bb column_direction_phone=\u00a0\u00bbdefault\u00a0\u00bb scene_position=\u00a0\u00bbcenter\u00a0\u00bb text_color=\u00a0\u00bbdark\u00a0\u00bb text_align=\u00a0\u00bbleft\u00a0\u00bb row_border_radius=\u00a0\u00bbnone\u00a0\u00bb row_border_radius_applies=\u00a0\u00bbbg\u00a0\u00bb overflow=\u00a0\u00bbvisible\u00a0\u00bb overlay_strength=\u00a0\u00bb0.3&Prime; gradient_direction=\u00a0\u00bbleft_to_right\u00a0\u00bb shape_divider_position=\u00a0\u00bbbottom\u00a0\u00bb bg_image_animation=\u00a0\u00bbnone\u00a0\u00bb][vc_column column_padding=\u00a0\u00bbno-extra-padding\u00a0\u00bb column_padding_tablet=\u00a0\u00bbinherit\u00a0\u00bb column_padding_phone=\u00a0\u00bbinherit\u00a0\u00bb column_padding_position=\u00a0\u00bball\u00a0\u00bb column_element_direction_desktop=\u00a0\u00bbdefault\u00a0\u00bb column_element_spacing=\u00a0\u00bbdefault\u00a0\u00bb desktop_text_alignment=\u00a0\u00bbdefault\u00a0\u00bb tablet_text_alignment=\u00a0\u00bbdefault\u00a0\u00bb phone_text_alignment=\u00a0\u00bbdefault\u00a0\u00bb background_color_opacity=\u00a0\u00bb1&Prime; background_hover_color_opacity=\u00a0\u00bb1&Prime; column_backdrop_filter=\u00a0\u00bbnone\u00a0\u00bb column_shadow=\u00a0\u00bbnone\u00a0\u00bb column_border_radius=\u00a0\u00bbnone\u00a0\u00bb column_link_target=\u00a0\u00bb_self\u00a0\u00bb column_position=\u00a0\u00bbdefault\u00a0\u00bb gradient_direction=\u00a0\u00bbleft_to_right\u00a0\u00bb overlay_strength=\u00a0\u00bb0.3&Prime; width=\u00a0\u00bb1\/1&Prime; tablet_width_inherit=\u00a0\u00bbdefault\u00a0\u00bb animation_type=\u00a0\u00bbdefault\u00a0\u00bb bg_image_animation=\u00a0\u00bbnone\u00a0\u00bb border_type=\u00a0\u00bbsimple\u00a0\u00bb column_border_width=\u00a0\u00bbnone\u00a0\u00bb column_border_style=\u00a0\u00bbsolid\u00a0\u00bb][vc_column_text css=\u00a0\u00bb\u00a0\u00bb text_direction=\u00a0\u00bbdefault\u00a0\u00bb]\n<h2 class=\"av-special-heading-tag \" style=\"text-align: center;\">T\u00e9moignages de nos clients<\/h2>\n[\/vc_column_text][vc_column_text css=\u00a0\u00bb\u00a0\u00bb text_direction=\u00a0\u00bbdefault\u00a0\u00bb]\n<p style=\"text-align: center;\">Au sein de l\u2019Institut de la gestion financi\u00e8re, nous faisons confiance \u00e0 Larrass Translations pour nos traductions de l\u2019anglais vers le fran\u00e7ais, et leur travail a toujours d\u00e9pass\u00e9 nos attentes. L\u2019\u00e9quipe est tr\u00e8s r\u00e9active, rapide et fiable. Elle fournit des traductions de haute qualit\u00e9 dans diff\u00e9rents domaines, y compris le marketing, la programmation et les op\u00e9rations. Nous appr\u00e9cions vraiment leur professionnalisme et leur efficacit\u00e9!<\/p>\n<p style=\"text-align: center;\"><strong>&#8211;<span class=\"x_775567521font\"><span class=\"x_775567521size\"><b class=\"\"><span class=\"x_775567521colour\">Mariana Veloso, <\/span><\/b><\/span><\/span><\/strong><span class=\"x_775567521font\"><span class=\"x_775567521size\"><span class=\"x_775567521colour\">Gestionnaire du marketing, <\/span><\/span><\/span>Institut de la gestion financi\u00e8re, Canada<\/p>\n<p style=\"text-align: center;\">Nous tenons \u00e0 vous dire \u00e0 quel point nous avons appr\u00e9ci\u00e9 votre r\u00e9activit\u00e9 dans le cadre de notre dernier projet et aussi que nos clients ne cessent de louanger votre travail. Gr\u00e2ce \u00e0 vous, nous avons souvent pu nous montrer sous notre meilleur jour.<\/p>\n<p style=\"text-align: center;\"><strong>-James Hanington,<\/strong> PDG, Stiff, Canada<\/p>\n<p style=\"text-align: center;\">J&rsquo;aime travailler avec votre \u00e9quipe, car vous \u00eates vraiment \u00e0 l\u2019\u00e9coute de nos besoins!<\/p>\n<p style=\"text-align: center;\"><strong>&#8211;<\/strong><span class=\"s1\"><b data-stringify-type=\"bold\">Ingrid Muschta,\u00a0<\/b>directrice, Projets sp\u00e9ciaux et Innovation, R\u00e9seau ontarien d\u2019aide \u00e0 l\u2019emploi pour les personnes handicap\u00e9es<\/span><\/p>\n<p style=\"text-align: center;\">J\u2019aimerais tout simplement vous remercier pour votre excellent travail. Tout le monde ici \u00e0 l\u2019AITC est reconnaissant de l\u2019attention que vous accordez aux d\u00e9tails et de votre disponibilit\u00e9 pour accommoder nos demandes de derni\u00e8re minute.<\/p>\n<p style=\"text-align: center;\"><strong>&#8211;<span class=\"x_775567521font\"><span class=\"x_775567521size\"><b class=\"\"><span class=\"x_775567521colour\">Leanne Czerwinski,\u00a0<\/span><\/b><\/span><\/span><\/strong><span class=\"x_775567521font\"><span class=\"x_775567521size\"><span class=\"x_775567521colour\">Gestionnaire de marque, <\/span><\/span><\/span><span class=\"x_775567521font\"><span class=\"x_775567521size\"><span class=\"x_775567521colour\">Association de l\u2019industrie touristique du Canada<\/span><\/span><\/span><\/p>\n<p style=\"text-align: center;\">Le professionnalisme de Traductions Larrass les distingue des autres cabinets de traduction. Vous pouvez toujours compter sur eux pour vous produire un travail de qualit\u00e9, dans les d\u00e9lais pr\u00e9vus.<\/p>\n<p style=\"text-align: center;\"><strong>&#8211;<span class=\"s1\">Kelly Cyr, <\/span><\/strong><span class=\"s1\">Directrice des op\u00e9rations, Forum des politiques publiques, Canada<\/span><\/p>\n<p style=\"text-align: center;\">Je dirais que vous faites un excellent travail. La raison pour laquelle je fais constamment appel \u00e0 vos services est que vous livrez dans les d\u00e9lais pr\u00e9vus et faites de votre mieux pour proposer les d\u00e9lais les plus serr\u00e9s possible.<\/p>\n<p style=\"text-align: center;\"><strong>&#8211;<span class=\"s1\">Dr. Michael Dr\u00f6ge, <\/span><\/strong><span class=\"s1\">avocat, Heuking K\u00fchn L\u00fcer Wojtek, Allemagne<\/span><\/p>\n<p style=\"text-align: center;\">Nous traitons des projets en partenariat avec Traductions Larrass depuis plusieurs ann\u00e9es, et l\u2019\u00e9quipe de Michael fait maintenant partie de notre famille d\u2019affaires. Efficaces, toujours de bonne humeur, ils nous ont fourni des traductions de qualit\u00e9. Traductions Larrass partage nos valeurs, ce qui nous donne la confiance de les inclure dans des projets de grande envergure.<\/p>\n<p style=\"text-align: center;\"><strong>-Rob Herrera, <\/strong><span class=\"s1\">PDG, H3Creative Inc., Canada<\/span><\/p>\n<p style=\"text-align: center;\">Michael et son \u00e9quipe sont toujours tr\u00e8s r\u00e9actifs et r\u00e9alisent d&rsquo;excellentes traductions dans des d\u00e9lais tr\u00e8s brefs. Nos clients sont toujours tr\u00e8s satisfaits de leur travail. Nous admirons le service aimable et professionnel que nous offre Traductions Larrass!<\/p>\n<p style=\"text-align: center;\"><strong><span id=\"yui_3_16_0_1_1426965599912_4027\">-Susan Murphy, <\/span><\/strong><span id=\"yui_3_16_0_1_1426965599912_4027\">Jester Creative, Canada<\/span><\/p>\n<p style=\"text-align: center;\">L\u2019\u00e9quipe de Traductions Larrass est tr\u00e8s s\u00e9rieuse et professionnelle. Nous faisons exclusivement appel \u00e0 ses services, depuis Paris, pour nos traductions souvent assez techniques et avec des d\u00e9lais tr\u00e8s courts. Nous la recommandons avec enthousiasme.<\/p>\n<p style=\"text-align: center;\"><strong>-Marijo Amiaux, <\/strong><span class=\"s1\">Direction g\u00e9n\u00e9rale, Colliers International France<\/span><\/p>\n<p style=\"text-align: center;\">Grand merci pour votre aide ces derniers jours! Les deux traductions m\u2019ont plu \u00e9norm\u00e9ment \u2013 et cela dans si peu de temps. Chapeau! Les notes marginales \u00e9taient \u00e9galement fort utiles.\u00a0\u00bb<\/p>\n<p style=\"text-align: center;\"><strong>-Jonas Block<\/strong>, avocat, Kather Augenstein Rechtsanw\u00e4lte, Allemagne<\/p>\n<p style=\"text-align: center;\">Le service que nous offre Traductions Larrass a toujours \u00e9t\u00e9 exceptionnel, et le travail est toujours livr\u00e9 dans les d\u00e9lais. L\u2019\u00e9quipe de Traductions Larrass fait preuve de souplesse et de disponibilit\u00e9 m\u00eame lorsque les d\u00e9lais sont tr\u00e8s courts ou pour r\u00e9pondre \u00e0 d\u2019autres demandes sp\u00e9ciales.<\/p>\n<p style=\"text-align: center;\"><strong>-Daniel Nilsson,\u00a0<\/strong><span class=\"s1\">avocat,\u00a0<\/span><span id=\"yui_3_16_0_1_1426965599912_4027\"><\/span>Malm\u00f6,\u00a0<span class=\"s1\">Su\u00e8de<\/span><\/p>\n[\/vc_column_text][\/vc_column][\/vc_row][vc_row type=\u00a0\u00bbfull_width_background\u00a0\u00bb full_screen_row_position=\u00a0\u00bbmiddle\u00a0\u00bb column_margin=\u00a0\u00bbdefault\u00a0\u00bb column_direction=\u00a0\u00bbdefault\u00a0\u00bb column_direction_tablet=\u00a0\u00bbdefault\u00a0\u00bb column_direction_phone=\u00a0\u00bbdefault\u00a0\u00bb bg_color=\u00a0\u00bb#043f75&Prime; scene_position=\u00a0\u00bbcenter\u00a0\u00bb top_padding=\u00a0\u00bb5%\u00a0\u00bb bottom_padding=\u00a0\u00bb5%\u00a0\u00bb top_padding_tablet=\u00a0\u00bb20%\u00a0\u00bb bottom_padding_tablet=\u00a0\u00bb10%\u00a0\u00bb text_color=\u00a0\u00bbdark\u00a0\u00bb text_align=\u00a0\u00bbleft\u00a0\u00bb row_border_radius=\u00a0\u00bbnone\u00a0\u00bb row_border_radius_applies=\u00a0\u00bbbg\u00a0\u00bb overflow=\u00a0\u00bbvisible\u00a0\u00bb overlay_strength=\u00a0\u00bb0.3&Prime; gradient_direction=\u00a0\u00bbleft_to_right\u00a0\u00bb enable_shape_divider=\u00a0\u00bbtrue\u00a0\u00bb shape_divider_position=\u00a0\u00bbtop\u00a0\u00bb bg_image_animation=\u00a0\u00bbnone\u00a0\u00bb shape_type=\u00a0\u00bbcurve_opacity\u00a0\u00bb gradient_type=\u00a0\u00bbdefault\u00a0\u00bb][vc_column column_padding=\u00a0\u00bbno-extra-padding\u00a0\u00bb column_padding_tablet=\u00a0\u00bbinherit\u00a0\u00bb column_padding_phone=\u00a0\u00bbinherit\u00a0\u00bb column_padding_position=\u00a0\u00bball\u00a0\u00bb column_element_direction_desktop=\u00a0\u00bbdefault\u00a0\u00bb column_element_spacing=\u00a0\u00bbdefault\u00a0\u00bb desktop_text_alignment=\u00a0\u00bbdefault\u00a0\u00bb tablet_text_alignment=\u00a0\u00bbdefault\u00a0\u00bb phone_text_alignment=\u00a0\u00bbdefault\u00a0\u00bb background_color_opacity=\u00a0\u00bb1&Prime; background_hover_color_opacity=\u00a0\u00bb1&Prime; column_backdrop_filter=\u00a0\u00bbnone\u00a0\u00bb column_shadow=\u00a0\u00bbnone\u00a0\u00bb column_border_radius=\u00a0\u00bbnone\u00a0\u00bb column_link_target=\u00a0\u00bb_self\u00a0\u00bb column_position=\u00a0\u00bbdefault\u00a0\u00bb gradient_direction=\u00a0\u00bbleft_to_right\u00a0\u00bb overlay_strength=\u00a0\u00bb0.3&Prime; width=\u00a0\u00bb1\/1&Prime; tablet_width_inherit=\u00a0\u00bbdefault\u00a0\u00bb animation_type=\u00a0\u00bbdefault\u00a0\u00bb bg_image_animation=\u00a0\u00bbnone\u00a0\u00bb border_type=\u00a0\u00bbsimple\u00a0\u00bb column_border_width=\u00a0\u00bbnone\u00a0\u00bb column_border_style=\u00a0\u00bbsolid\u00a0\u00bb][vc_row_inner equal_height=\u00a0\u00bbyes\u00a0\u00bb content_placement=\u00a0\u00bbmiddle\u00a0\u00bb column_margin=\u00a0\u00bbdefault\u00a0\u00bb column_direction=\u00a0\u00bbdefault\u00a0\u00bb column_direction_tablet=\u00a0\u00bbdefault\u00a0\u00bb column_direction_phone=\u00a0\u00bbdefault\u00a0\u00bb text_align=\u00a0\u00bbleft\u00a0\u00bb row_position=\u00a0\u00bbdefault\u00a0\u00bb row_position_tablet=\u00a0\u00bbinherit\u00a0\u00bb row_position_phone=\u00a0\u00bbinherit\u00a0\u00bb overflow=\u00a0\u00bbvisible\u00a0\u00bb pointer_events=\u00a0\u00bball\u00a0\u00bb][vc_column_inner column_padding=\u00a0\u00bbno-extra-padding\u00a0\u00bb column_padding_tablet=\u00a0\u00bbinherit\u00a0\u00bb column_padding_phone=\u00a0\u00bbinherit\u00a0\u00bb column_padding_position=\u00a0\u00bball\u00a0\u00bb column_element_direction_desktop=\u00a0\u00bbdefault\u00a0\u00bb column_element_spacing=\u00a0\u00bbdefault\u00a0\u00bb desktop_text_alignment=\u00a0\u00bbdefault\u00a0\u00bb tablet_text_alignment=\u00a0\u00bbdefault\u00a0\u00bb phone_text_alignment=\u00a0\u00bbdefault\u00a0\u00bb background_color_opacity=\u00a0\u00bb1&Prime; background_hover_color_opacity=\u00a0\u00bb1&Prime; column_backdrop_filter=\u00a0\u00bbnone\u00a0\u00bb column_shadow=\u00a0\u00bbnone\u00a0\u00bb column_border_radius=\u00a0\u00bbnone\u00a0\u00bb column_link_target=\u00a0\u00bb_self\u00a0\u00bb overflow=\u00a0\u00bbvisible\u00a0\u00bb gradient_direction=\u00a0\u00bbleft_to_right\u00a0\u00bb overlay_strength=\u00a0\u00bb0.3&Prime; width=\u00a0\u00bb1\/2&Prime; tablet_width_inherit=\u00a0\u00bbsmall_desktop\u00a0\u00bb animation_type=\u00a0\u00bbdefault\u00a0\u00bb enable_animation=\u00a0\u00bbtrue\u00a0\u00bb animation=\u00a0\u00bbfade-in-from-bottom\u00a0\u00bb animation_easing=\u00a0\u00bbdefault\u00a0\u00bb bg_image_animation=\u00a0\u00bbnone\u00a0\u00bb border_type=\u00a0\u00bbsimple\u00a0\u00bb column_border_width=\u00a0\u00bbnone\u00a0\u00bb column_border_style=\u00a0\u00bbsolid\u00a0\u00bb offset=\u00a0\u00bbvc_col-md-6&Prime;][vc_column_text css=\u00a0\u00bb\u00a0\u00bb text_direction=\u00a0\u00bbdefault\u00a0\u00bb]\n<h2 style=\"text-align: left;\"><span style=\"color: #ffffff;\">Le dit et le non dit<\/span><\/h2>\n[\/vc_column_text][vc_column_text css=\u00a0\u00bb\u00a0\u00bb text_direction=\u00a0\u00bbdefault\u00a0\u00bb]\n<p style=\"text-align: left;\"><span style=\"color: #ffffff;\">Des services langagiers alliant perspicacit\u00e9 et chaleur humaine.<br \/>\n<\/span><br \/>\n<span style=\"color: #ffffff;\">Communiquez en toute confiance et soyez assur\u00e9s que votre contenu a \u00e9t\u00e9 adapt\u00e9 avec soin pour votre public cible.<\/span>[\/vc_column_text][\/vc_column_inner][vc_column_inner column_padding=\u00a0\u00bbno-extra-padding\u00a0\u00bb column_padding_tablet=\u00a0\u00bbinherit\u00a0\u00bb column_padding_phone=\u00a0\u00bbinherit\u00a0\u00bb column_padding_position=\u00a0\u00bball\u00a0\u00bb column_element_direction_desktop=\u00a0\u00bbdefault\u00a0\u00bb column_element_spacing=\u00a0\u00bbdefault\u00a0\u00bb desktop_text_alignment=\u00a0\u00bbdefault\u00a0\u00bb tablet_text_alignment=\u00a0\u00bbdefault\u00a0\u00bb phone_text_alignment=\u00a0\u00bbdefault\u00a0\u00bb background_color_opacity=\u00a0\u00bb1&Prime; background_hover_color_opacity=\u00a0\u00bb1&Prime; column_backdrop_filter=\u00a0\u00bbnone\u00a0\u00bb column_shadow=\u00a0\u00bbnone\u00a0\u00bb column_border_radius=\u00a0\u00bbnone\u00a0\u00bb column_link_target=\u00a0\u00bb_self\u00a0\u00bb overflow=\u00a0\u00bbvisible\u00a0\u00bb gradient_direction=\u00a0\u00bbleft_to_right\u00a0\u00bb overlay_strength=\u00a0\u00bb0.3&Prime; width=\u00a0\u00bb1\/2&Prime; tablet_width_inherit=\u00a0\u00bbsmall_desktop\u00a0\u00bb animation_type=\u00a0\u00bbdefault\u00a0\u00bb enable_animation=\u00a0\u00bbtrue\u00a0\u00bb animation=\u00a0\u00bbfade-in-from-bottom\u00a0\u00bb animation_easing=\u00a0\u00bbdefault\u00a0\u00bb bg_image_animation=\u00a0\u00bbnone\u00a0\u00bb border_type=\u00a0\u00bbsimple\u00a0\u00bb column_border_width=\u00a0\u00bbnone\u00a0\u00bb column_border_style=\u00a0\u00bbsolid\u00a0\u00bb offset=\u00a0\u00bbvc_col-md-6&Prime; column_padding_type=\u00a0\u00bbdefault\u00a0\u00bb gradient_type=\u00a0\u00bbdefault\u00a0\u00bb][vc_column_text css=\u00a0\u00bb\u00a0\u00bb text_direction=\u00a0\u00bbdefault\u00a0\u00bb]\n<h3 style=\"text-align: right;\"><span style=\"color: #ffffff;\"><a style=\"color: #ffffff;\" href=\"tel: 613-744-5902\">+1 613-744-5902<\/a><\/span><\/h3>\n[\/vc_column_text][nectar_cta btn_style=\u00a0\u00bbunderline\u00a0\u00bb heading_tag=\u00a0\u00bbh4&Prime; button_color=\u00a0\u00bbdefault\u00a0\u00bb text_color=\u00a0\u00bb#ffffff\u00a0\u00bb button_border_thickness=\u00a0\u00bb0px\u00a0\u00bb link_type=\u00a0\u00bbregular\u00a0\u00bb alignment=\u00a0\u00bbright\u00a0\u00bb alignment_tablet=\u00a0\u00bbdefault\u00a0\u00bb alignment_phone=\u00a0\u00bbdefault\u00a0\u00bb display=\u00a0\u00bbblock\u00a0\u00bb display_tablet=\u00a0\u00bbinherit\u00a0\u00bb display_phone=\u00a0\u00bbinherit\u00a0\u00bb icon_family=\u00a0\u00bbnone\u00a0\u00bb link_text=\u00a0\u00bbinfo@larrasstranslations.com\u00a0\u00bb padding_top=\u00a0\u00bb2%\u00a0\u00bb url=\u00a0\u00bbmailto:info@larrasstranslations.com\u00a0\u00bb][vc_column_text css=\u00a0\u00bb\u00a0\u00bb text_direction=\u00a0\u00bbdefault\u00a0\u00bb]\n<h5 style=\"text-align: right;\"><span style=\"color: #ffffff;\">150 rue Elgin, bureau 1000<\/span><br \/>\n<span style=\"color: #ffffff;\">Ottawa, Ontario K2P 1L4, Canada<\/span><\/h5>\n[\/vc_column_text][divider line_type=\u00a0\u00bbNo Line\u00a0\u00bb custom_height=\u00a0\u00bb5px\u00a0\u00bb][nectar_cta btn_style=\u00a0\u00bbsee-through\u00a0\u00bb heading_tag=\u00a0\u00bbh6&Prime; button_color=\u00a0\u00bbextra-color-1&Prime; text_color=\u00a0\u00bb#000000&Prime; button_border_thickness=\u00a0\u00bb0px\u00a0\u00bb link_type=\u00a0\u00bbregular\u00a0\u00bb alignment=\u00a0\u00bbright\u00a0\u00bb alignment_tablet=\u00a0\u00bbdefault\u00a0\u00bb alignment_phone=\u00a0\u00bbleft\u00a0\u00bb constrain_group_4=\u00a0\u00bbyes\u00a0\u00bb display=\u00a0\u00bbblock\u00a0\u00bb display_tablet=\u00a0\u00bbinherit\u00a0\u00bb display_phone=\u00a0\u00bbinherit\u00a0\u00bb link_text=\u00a0\u00bbContactez-nous\u00a0\u00bb padding_top=\u00a0\u00bb20&Prime; padding_bottom=\u00a0\u00bb20&Prime; padding_left=\u00a0\u00bb50&Prime; padding_right=\u00a0\u00bb50&Prime; url=\u00a0\u00bb\/fr\/nous-joindre-2\/\u00a0\u00bb margin_top=\u00a0\u00bb20&Prime; margin_bottom=\u00a0\u00bb20&Prime;][divider line_type=\u00a0\u00bbNo Line\u00a0\u00bb custom_height=\u00a0\u00bb15px\u00a0\u00bb][vc_column_text css=\u00a0\u00bb\u00a0\u00bb text_direction=\u00a0\u00bbdefault\u00a0\u00bb]\n<p style=\"text-align: right;\"><a href=\"https:\/\/larrasstranslations.com\/fr\/avis-de-confidentialite\/\"><span style=\"color: #ffffff;\">Avis de confidentialit\u00e9<\/span><\/a><\/p>\n[\/vc_column_text][\/vc_column_inner][\/vc_row_inner][\/vc_column][\/vc_row]\n","protected":false},"excerpt":{"rendered":"<p>[vc_row type=\u00a0\u00bbin_container\u00a0\u00bb full_screen_row_position=\u00a0\u00bbmiddle\u00a0\u00bb column_margin=\u00a0\u00bbdefault\u00a0\u00bb column_direction=\u00a0\u00bbdefault\u00a0\u00bb column_direction_tablet=\u00a0\u00bbdefault\u00a0\u00bb column_direction_phone=\u00a0\u00bbdefault\u00a0\u00bb scene_position=\u00a0\u00bbcenter\u00a0\u00bb text_color=\u00a0\u00bbdark\u00a0\u00bb text_align=\u00a0\u00bbleft\u00a0\u00bb row_border_radius=\u00a0\u00bbnone\u00a0\u00bb row_border_radius_applies=\u00a0\u00bbbg\u00a0\u00bb overflow=\u00a0\u00bbvisible\u00a0\u00bb overlay_strength=\u00a0\u00bb0.3&Prime; gradient_direction=\u00a0\u00bbleft_to_right\u00a0\u00bb shape_divider_position=\u00a0\u00bbbottom\u00a0\u00bb bg_image_animation=\u00a0\u00bbnone\u00a0\u00bb][vc_column column_padding=\u00a0\u00bbno-extra-padding\u00a0\u00bb column_padding_tablet=\u00a0\u00bbinherit\u00a0\u00bb column_padding_phone=\u00a0\u00bbinherit\u00a0\u00bb column_padding_position=\u00a0\u00bball\u00a0\u00bb column_element_direction_desktop=\u00a0\u00bbdefault\u00a0\u00bb column_element_spacing=\u00a0\u00bbdefault\u00a0\u00bb desktop_text_alignment=\u00a0\u00bbdefault\u00a0\u00bb tablet_text_alignment=\u00a0\u00bbdefault\u00a0\u00bb phone_text_alignment=\u00a0\u00bbdefault\u00a0\u00bb background_color_opacity=\u00a0\u00bb1&Prime; background_hover_color_opacity=\u00a0\u00bb1&Prime; column_backdrop_filter=\u00a0\u00bbnone\u00a0\u00bb column_shadow=\u00a0\u00bbnone\u00a0\u00bb&#8230;<\/p>\n","protected":false},"author":1,"featured_media":0,"parent":0,"menu_order":0,"comment_status":"closed","ping_status":"closed","template":"","meta":{"footnotes":""},"class_list":["post-376","page","type-page","status-publish"],"yoast_head":"<!-- This site is optimized with the Yoast SEO plugin v27.5 - https:\/\/yoast.com\/product\/yoast-seo-wordpress\/ -->\n<title>T\u00e9moignages - Service de Traduction | Traductions Larrass<\/title>\n<meta name=\"description\" content=\"Lisez les t\u00e9moignages de nos clients au sujet de nos services de traduction, de r\u00e9vision, de transcription et de voix hors champ.\" \/>\n<meta name=\"robots\" content=\"index, follow, max-snippet:-1, max-image-preview:large, max-video-preview:-1\" \/>\n<link rel=\"canonical\" href=\"https:\/\/larrasstranslations.com\/fr\/nos-clients\/\" \/>\n<meta property=\"og:locale\" content=\"fr_FR\" \/>\n<meta property=\"og:type\" content=\"article\" \/>\n<meta property=\"og:title\" content=\"T\u00e9moignages - Service de Traduction | Traductions Larrass\" \/>\n<meta property=\"og:description\" content=\"Lisez les t\u00e9moignages de nos clients au sujet de nos services de traduction, de r\u00e9vision, de transcription et de voix hors champ.\" \/>\n<meta property=\"og:url\" content=\"https:\/\/larrasstranslations.com\/fr\/nos-clients\/\" \/>\n<meta property=\"og:site_name\" content=\"Larrass Translations\" \/>\n<meta property=\"article:modified_time\" content=\"2025-04-22T13:52:03+00:00\" \/>\n<meta name=\"twitter:card\" content=\"summary_large_image\" \/>\n<meta name=\"twitter:label1\" content=\"Dur\u00e9e de lecture estim\u00e9e\" \/>\n\t<meta name=\"twitter:data1\" content=\"3 minutes\" \/>\n<script type=\"application\/ld+json\" class=\"yoast-schema-graph\">{\"@context\":\"https:\\\/\\\/schema.org\",\"@graph\":[{\"@type\":\"WebPage\",\"@id\":\"https:\\\/\\\/larrasstranslations.com\\\/fr\\\/nos-clients\\\/\",\"url\":\"https:\\\/\\\/larrasstranslations.com\\\/fr\\\/nos-clients\\\/\",\"name\":\"T\u00e9moignages - Service de Traduction | Traductions Larrass\",\"isPartOf\":{\"@id\":\"https:\\\/\\\/larrasstranslations.com\\\/fr\\\/#website\"},\"datePublished\":\"2018-10-23T12:15:01+00:00\",\"dateModified\":\"2025-04-22T13:52:03+00:00\",\"description\":\"Lisez les t\u00e9moignages de nos clients au sujet de nos services de traduction, de r\u00e9vision, de transcription et de voix hors champ.\",\"breadcrumb\":{\"@id\":\"https:\\\/\\\/larrasstranslations.com\\\/fr\\\/nos-clients\\\/#breadcrumb\"},\"inLanguage\":\"fr-FR\",\"potentialAction\":[{\"@type\":\"ReadAction\",\"target\":[\"https:\\\/\\\/larrasstranslations.com\\\/fr\\\/nos-clients\\\/\"]}]},{\"@type\":\"BreadcrumbList\",\"@id\":\"https:\\\/\\\/larrasstranslations.com\\\/fr\\\/nos-clients\\\/#breadcrumb\",\"itemListElement\":[{\"@type\":\"ListItem\",\"position\":1,\"name\":\"Home\",\"item\":\"https:\\\/\\\/larrasstranslations.com\\\/fr\\\/\"},{\"@type\":\"ListItem\",\"position\":2,\"name\":\"T\u00e9moignages\"}]},{\"@type\":\"WebSite\",\"@id\":\"https:\\\/\\\/larrasstranslations.com\\\/fr\\\/#website\",\"url\":\"https:\\\/\\\/larrasstranslations.com\\\/fr\\\/\",\"name\":\"Larrass Translations\",\"description\":\"Larrass Translations offers professional translation services. Our clientele includes (patent) law firms, think tanks, museums, government agencies and embassies, as well as NGOs and private companies.\",\"potentialAction\":[{\"@type\":\"SearchAction\",\"target\":{\"@type\":\"EntryPoint\",\"urlTemplate\":\"https:\\\/\\\/larrasstranslations.com\\\/fr\\\/?s={search_term_string}\"},\"query-input\":{\"@type\":\"PropertyValueSpecification\",\"valueRequired\":true,\"valueName\":\"search_term_string\"}}],\"inLanguage\":\"fr-FR\"}]}<\/script>\n<!-- \/ Yoast SEO plugin. -->","yoast_head_json":{"title":"T\u00e9moignages - Service de Traduction | Traductions Larrass","description":"Lisez les t\u00e9moignages de nos clients au sujet de nos services de traduction, de r\u00e9vision, de transcription et de voix hors champ.","robots":{"index":"index","follow":"follow","max-snippet":"max-snippet:-1","max-image-preview":"max-image-preview:large","max-video-preview":"max-video-preview:-1"},"canonical":"https:\/\/larrasstranslations.com\/fr\/nos-clients\/","og_locale":"fr_FR","og_type":"article","og_title":"T\u00e9moignages - Service de Traduction | Traductions Larrass","og_description":"Lisez les t\u00e9moignages de nos clients au sujet de nos services de traduction, de r\u00e9vision, de transcription et de voix hors champ.","og_url":"https:\/\/larrasstranslations.com\/fr\/nos-clients\/","og_site_name":"Larrass Translations","article_modified_time":"2025-04-22T13:52:03+00:00","twitter_card":"summary_large_image","twitter_misc":{"Dur\u00e9e de lecture estim\u00e9e":"3 minutes"},"schema":{"@context":"https:\/\/schema.org","@graph":[{"@type":"WebPage","@id":"https:\/\/larrasstranslations.com\/fr\/nos-clients\/","url":"https:\/\/larrasstranslations.com\/fr\/nos-clients\/","name":"T\u00e9moignages - Service de Traduction | Traductions Larrass","isPartOf":{"@id":"https:\/\/larrasstranslations.com\/fr\/#website"},"datePublished":"2018-10-23T12:15:01+00:00","dateModified":"2025-04-22T13:52:03+00:00","description":"Lisez les t\u00e9moignages de nos clients au sujet de nos services de traduction, de r\u00e9vision, de transcription et de voix hors champ.","breadcrumb":{"@id":"https:\/\/larrasstranslations.com\/fr\/nos-clients\/#breadcrumb"},"inLanguage":"fr-FR","potentialAction":[{"@type":"ReadAction","target":["https:\/\/larrasstranslations.com\/fr\/nos-clients\/"]}]},{"@type":"BreadcrumbList","@id":"https:\/\/larrasstranslations.com\/fr\/nos-clients\/#breadcrumb","itemListElement":[{"@type":"ListItem","position":1,"name":"Home","item":"https:\/\/larrasstranslations.com\/fr\/"},{"@type":"ListItem","position":2,"name":"T\u00e9moignages"}]},{"@type":"WebSite","@id":"https:\/\/larrasstranslations.com\/fr\/#website","url":"https:\/\/larrasstranslations.com\/fr\/","name":"Larrass Translations","description":"Larrass Translations offers professional translation services. Our clientele includes (patent) law firms, think tanks, museums, government agencies and embassies, as well as NGOs and private companies.","potentialAction":[{"@type":"SearchAction","target":{"@type":"EntryPoint","urlTemplate":"https:\/\/larrasstranslations.com\/fr\/?s={search_term_string}"},"query-input":{"@type":"PropertyValueSpecification","valueRequired":true,"valueName":"search_term_string"}}],"inLanguage":"fr-FR"}]}},"_links":{"self":[{"href":"https:\/\/larrasstranslations.com\/fr\/wp-json\/wp\/v2\/pages\/376","targetHints":{"allow":["GET"]}}],"collection":[{"href":"https:\/\/larrasstranslations.com\/fr\/wp-json\/wp\/v2\/pages"}],"about":[{"href":"https:\/\/larrasstranslations.com\/fr\/wp-json\/wp\/v2\/types\/page"}],"author":[{"embeddable":true,"href":"https:\/\/larrasstranslations.com\/fr\/wp-json\/wp\/v2\/users\/1"}],"replies":[{"embeddable":true,"href":"https:\/\/larrasstranslations.com\/fr\/wp-json\/wp\/v2\/comments?post=376"}],"version-history":[{"count":5,"href":"https:\/\/larrasstranslations.com\/fr\/wp-json\/wp\/v2\/pages\/376\/revisions"}],"predecessor-version":[{"id":5789,"href":"https:\/\/larrasstranslations.com\/fr\/wp-json\/wp\/v2\/pages\/376\/revisions\/5789"}],"wp:attachment":[{"href":"https:\/\/larrasstranslations.com\/fr\/wp-json\/wp\/v2\/media?parent=376"}],"curies":[{"name":"wp","href":"https:\/\/api.w.org\/{rel}","templated":true}]}}