{"id":5769,"date":"2025-04-22T08:21:10","date_gmt":"2025-04-22T13:21:10","guid":{"rendered":"https:\/\/larrasstranslations.com\/?page_id=5769"},"modified":"2025-04-22T08:23:45","modified_gmt":"2025-04-22T13:23:45","slug":"avis-de-confidentialite","status":"publish","type":"page","link":"https:\/\/larrasstranslations.com\/fr\/avis-de-confidentialite\/","title":{"rendered":"Avis de confidentialit\u00e9"},"content":{"rendered":"<p><b>Avis de confidentialit\u00e9 de Larrass relatif aux renseignements personnels<\/b><\/p>\n<p>Larrass recueille vos renseignements personnels seulement dans une mesure n\u00e9cessaire \u00e0 vous fournir un devis li\u00e9 \u00e0 une demande particuli\u00e8re de traduction.<\/p>\n<p>Nous avons des proc\u00e9dures en place pour garantir que vos renseignements seront prot\u00e9g\u00e9s et trait\u00e9s de mani\u00e8re s\u00e9curitaire et hautement confidentielle.<\/p>\n<p>Sous certaines conditions d\u00e9finies dans la l\u00e9gislation europ\u00e9enne ou nord-am\u00e9ricaine, nous pourrions divulguer vos renseignements \u00e0 des tiers (tels que le Centre antifraude du Canada, le Internet Crime Complaint Center des \u00c9tats-Unis, l\u2019Office europ\u00e9en de lutte antifraude ou toute autre agence charg\u00e9e de l\u2019application de la loi en Am\u00e9rique du Nord ou en Europe), mais seulement si cela est n\u00e9cessaire et fait de mani\u00e8re proportionnelle afin de se conformer \u00e0 des dispositions l\u00e9gales pr\u00e9cises.<\/p>\n<p>Nous ne divulguerons jamais vos renseignements personnels \u00e0 des tiers pour des raisons publicitaires.<\/p>\n<p>Vous avez en tout temps le droit d\u2019acc\u00e9der \u00e0 vos renseignements personnels, de les corriger ou de recourir \u00e0 des proc\u00e9dures judiciaires si vous estimez que vos droits en mati\u00e8re de protection des renseignements personnels n\u2019ont pas \u00e9t\u00e9 respect\u00e9s.<\/p>\n","protected":false},"excerpt":{"rendered":"<p>Avis de confidentialit\u00e9 de Larrass relatif aux renseignements personnels Larrass recueille vos renseignements personnels seulement dans une mesure n\u00e9cessaire \u00e0 vous fournir un devis li\u00e9 \u00e0 une demande particuli\u00e8re de&#8230;<\/p>\n","protected":false},"author":2,"featured_media":0,"parent":0,"menu_order":0,"comment_status":"closed","ping_status":"closed","template":"","meta":{"footnotes":""},"class_list":["post-5769","page","type-page","status-publish"],"yoast_head":"<!-- This site is optimized with the Yoast SEO plugin v27.4 - https:\/\/yoast.com\/product\/yoast-seo-wordpress\/ -->\n<title>Avis de confidentialit\u00e9 - Larrass Translations<\/title>\n<meta name=\"robots\" content=\"index, follow, max-snippet:-1, max-image-preview:large, max-video-preview:-1\" \/>\n<link rel=\"canonical\" href=\"https:\/\/larrasstranslations.com\/fr\/avis-de-confidentialite\/\" \/>\n<meta property=\"og:locale\" content=\"fr_FR\" \/>\n<meta property=\"og:type\" content=\"article\" \/>\n<meta property=\"og:title\" content=\"Avis de confidentialit\u00e9 - Larrass Translations\" \/>\n<meta property=\"og:description\" content=\"Avis de confidentialit\u00e9 de Larrass relatif aux renseignements personnels Larrass recueille vos renseignements personnels seulement dans une mesure n\u00e9cessaire \u00e0 vous fournir un devis li\u00e9 \u00e0 une demande particuli\u00e8re de...\" \/>\n<meta property=\"og:url\" content=\"https:\/\/larrasstranslations.com\/fr\/avis-de-confidentialite\/\" \/>\n<meta property=\"og:site_name\" content=\"Larrass Translations\" \/>\n<meta property=\"article:modified_time\" content=\"2025-04-22T13:23:45+00:00\" \/>\n<meta name=\"twitter:card\" content=\"summary_large_image\" \/>\n<meta name=\"twitter:label1\" content=\"Dur\u00e9e de lecture estim\u00e9e\" \/>\n\t<meta name=\"twitter:data1\" content=\"1 minute\" \/>\n<script type=\"application\/ld+json\" class=\"yoast-schema-graph\">{\"@context\":\"https:\\\/\\\/schema.org\",\"@graph\":[{\"@type\":\"WebPage\",\"@id\":\"https:\\\/\\\/larrasstranslations.com\\\/fr\\\/avis-de-confidentialite\\\/\",\"url\":\"https:\\\/\\\/larrasstranslations.com\\\/fr\\\/avis-de-confidentialite\\\/\",\"name\":\"Avis de confidentialit\u00e9 - Larrass Translations\",\"isPartOf\":{\"@id\":\"https:\\\/\\\/larrasstranslations.com\\\/fr\\\/#website\"},\"datePublished\":\"2025-04-22T13:21:10+00:00\",\"dateModified\":\"2025-04-22T13:23:45+00:00\",\"breadcrumb\":{\"@id\":\"https:\\\/\\\/larrasstranslations.com\\\/fr\\\/avis-de-confidentialite\\\/#breadcrumb\"},\"inLanguage\":\"fr-FR\",\"potentialAction\":[{\"@type\":\"ReadAction\",\"target\":[\"https:\\\/\\\/larrasstranslations.com\\\/fr\\\/avis-de-confidentialite\\\/\"]}]},{\"@type\":\"BreadcrumbList\",\"@id\":\"https:\\\/\\\/larrasstranslations.com\\\/fr\\\/avis-de-confidentialite\\\/#breadcrumb\",\"itemListElement\":[{\"@type\":\"ListItem\",\"position\":1,\"name\":\"Home\",\"item\":\"https:\\\/\\\/larrasstranslations.com\\\/fr\\\/\"},{\"@type\":\"ListItem\",\"position\":2,\"name\":\"Avis de confidentialit\u00e9\"}]},{\"@type\":\"WebSite\",\"@id\":\"https:\\\/\\\/larrasstranslations.com\\\/fr\\\/#website\",\"url\":\"https:\\\/\\\/larrasstranslations.com\\\/fr\\\/\",\"name\":\"Larrass Translations\",\"description\":\"Larrass Translations offers professional translation services. Our clientele includes (patent) law firms, think tanks, museums, government agencies and embassies, as well as NGOs and private companies.\",\"potentialAction\":[{\"@type\":\"SearchAction\",\"target\":{\"@type\":\"EntryPoint\",\"urlTemplate\":\"https:\\\/\\\/larrasstranslations.com\\\/fr\\\/?s={search_term_string}\"},\"query-input\":{\"@type\":\"PropertyValueSpecification\",\"valueRequired\":true,\"valueName\":\"search_term_string\"}}],\"inLanguage\":\"fr-FR\"}]}<\/script>\n<!-- \/ Yoast SEO plugin. -->","yoast_head_json":{"title":"Avis de confidentialit\u00e9 - Larrass Translations","robots":{"index":"index","follow":"follow","max-snippet":"max-snippet:-1","max-image-preview":"max-image-preview:large","max-video-preview":"max-video-preview:-1"},"canonical":"https:\/\/larrasstranslations.com\/fr\/avis-de-confidentialite\/","og_locale":"fr_FR","og_type":"article","og_title":"Avis de confidentialit\u00e9 - Larrass Translations","og_description":"Avis de confidentialit\u00e9 de Larrass relatif aux renseignements personnels Larrass recueille vos renseignements personnels seulement dans une mesure n\u00e9cessaire \u00e0 vous fournir un devis li\u00e9 \u00e0 une demande particuli\u00e8re de...","og_url":"https:\/\/larrasstranslations.com\/fr\/avis-de-confidentialite\/","og_site_name":"Larrass Translations","article_modified_time":"2025-04-22T13:23:45+00:00","twitter_card":"summary_large_image","twitter_misc":{"Dur\u00e9e de lecture estim\u00e9e":"1 minute"},"schema":{"@context":"https:\/\/schema.org","@graph":[{"@type":"WebPage","@id":"https:\/\/larrasstranslations.com\/fr\/avis-de-confidentialite\/","url":"https:\/\/larrasstranslations.com\/fr\/avis-de-confidentialite\/","name":"Avis de confidentialit\u00e9 - Larrass Translations","isPartOf":{"@id":"https:\/\/larrasstranslations.com\/fr\/#website"},"datePublished":"2025-04-22T13:21:10+00:00","dateModified":"2025-04-22T13:23:45+00:00","breadcrumb":{"@id":"https:\/\/larrasstranslations.com\/fr\/avis-de-confidentialite\/#breadcrumb"},"inLanguage":"fr-FR","potentialAction":[{"@type":"ReadAction","target":["https:\/\/larrasstranslations.com\/fr\/avis-de-confidentialite\/"]}]},{"@type":"BreadcrumbList","@id":"https:\/\/larrasstranslations.com\/fr\/avis-de-confidentialite\/#breadcrumb","itemListElement":[{"@type":"ListItem","position":1,"name":"Home","item":"https:\/\/larrasstranslations.com\/fr\/"},{"@type":"ListItem","position":2,"name":"Avis de confidentialit\u00e9"}]},{"@type":"WebSite","@id":"https:\/\/larrasstranslations.com\/fr\/#website","url":"https:\/\/larrasstranslations.com\/fr\/","name":"Larrass Translations","description":"Larrass Translations offers professional translation services. Our clientele includes (patent) law firms, think tanks, museums, government agencies and embassies, as well as NGOs and private companies.","potentialAction":[{"@type":"SearchAction","target":{"@type":"EntryPoint","urlTemplate":"https:\/\/larrasstranslations.com\/fr\/?s={search_term_string}"},"query-input":{"@type":"PropertyValueSpecification","valueRequired":true,"valueName":"search_term_string"}}],"inLanguage":"fr-FR"}]}},"_links":{"self":[{"href":"https:\/\/larrasstranslations.com\/fr\/wp-json\/wp\/v2\/pages\/5769","targetHints":{"allow":["GET"]}}],"collection":[{"href":"https:\/\/larrasstranslations.com\/fr\/wp-json\/wp\/v2\/pages"}],"about":[{"href":"https:\/\/larrasstranslations.com\/fr\/wp-json\/wp\/v2\/types\/page"}],"author":[{"embeddable":true,"href":"https:\/\/larrasstranslations.com\/fr\/wp-json\/wp\/v2\/users\/2"}],"replies":[{"embeddable":true,"href":"https:\/\/larrasstranslations.com\/fr\/wp-json\/wp\/v2\/comments?post=5769"}],"version-history":[{"count":2,"href":"https:\/\/larrasstranslations.com\/fr\/wp-json\/wp\/v2\/pages\/5769\/revisions"}],"predecessor-version":[{"id":5772,"href":"https:\/\/larrasstranslations.com\/fr\/wp-json\/wp\/v2\/pages\/5769\/revisions\/5772"}],"wp:attachment":[{"href":"https:\/\/larrasstranslations.com\/fr\/wp-json\/wp\/v2\/media?parent=5769"}],"curies":[{"name":"wp","href":"https:\/\/api.w.org\/{rel}","templated":true}]}}